{"id":57,"date":"2024-04-29T10:53:49","date_gmt":"2024-04-29T10:53:49","guid":{"rendered":"http:\/\/sanayidekarbonzirvesi.com.tr\/?page_id=57"},"modified":"2026-04-07T02:46:53","modified_gmt":"2026-04-07T02:46:53","slug":"anasayfa","status":"publish","type":"page","link":"https:\/\/sanayidekarbonzirvesi.com\/","title":{"rendered":"Anasayfa"},"content":{"rendered":"<div class=\"brz brz-root__container brz-reset-all brz-root__container-page\">\n<section id=\"sanayidekarbon\" style=\"height:auto\" data-brz-id=\"fCCv1MNjJpoK_fCCv1MNjJpoK\" class=\"brz-section brz-section__header brz-section__header-type--fixed brz-css-d-sectionheader brz-css-lq3fij\">\n<div class=\"brz-section__header--fixed\">\n<div class=\"brz-section__menu-item brz-css-d-sectionheaderitem brz-css-151rttg\" data-brz-custom-id=\"sBLHANDLv_Zn\">\n<div class=\"brz-bg\">\n<div class=\"brz-bg-color\"><\/div>\n<\/div>\n<div class=\"brz-container brz-css-d-sectionheaderitem-container brz-css-1d74iz1\">\n<div class=\"brz-row__container brz-css-d-row-row brz-css-1u0is3n\" data-brz-custom-id=\"jhg1KiHCvxzH\">\n<div class=\"brz-bg\">\n<div class=\"brz-bg-color\"><\/div>\n<\/div>\n<div class=\"brz-row brz-css-d-row-container brz-css-1b99pm2\">\n<div class=\"brz-columns brz-css-d-column-column brz-css-1kba51c\" data-brz-custom-id=\"zTl0C9jXttmq\">\n<div class=\"brz-column__items brz-css-d-column-bg brz-css-jppl4y\">\n<div id=\"\" class=\"brz-css-d-wrapper brz-css-13o7y8q brz-wrapper\">\n<div class=\"brz-image brz-css-d-image-civulhuliypw-parent brz-css-g9w51h\" data-brz-custom-id=\"cIvulhuLIYpW\"><img decoding=\"async\" class=\"brz-img\" src=\"https:\/\/sanayidekarbonzirvesi.com\/wp-content\/uploads\/brizy\/imgs\/Asset-1-211x97x0x0x211x97x1775469844.png\" loading=\"lazy\" alt=\"\" title=\"Asset 1\"><\/div>\n<\/div>\n<\/div>\n<\/div>\n<div class=\"brz-columns brz-css-d-column-column brz-css-11txokv\" data-brz-custom-id=\"grF8AbPJIOcf\">\n<div class=\"brz-column__items brz-css-d-column-bg brz-css-9wyib\">\n<div id=\"\" class=\"brz-css-d-wrapper brz-css-1ikfhoa brz-wrapper\">\n<div class=\"brz-menu__container brz-css-d-menu-menu-container brz-css-mybwsu\" data-mmenu-id=\"#zPqXYHDlOG29_075ada1e61afb8d25212\" data-mmenu-position=\"position-left\" data-mmenu-title=\"Menu\" data-mmenu-stickytitle=\"off\" data-mmenu-closingicon=\"%7B%22desktop%22%3A%22off%22%2C%22tablet%22%3A%22off%22%2C%22mobile%22%3A%22off%22%7D\" data-brz-menu-accessible=\"true\" data-brz-custom-id=\"zPqXYHDlOG29\">\n<nav data-mods=\"%7B%22desktop%22%3A%22horizontal%22%2C%22tablet%22%3A%22horizontal%22%2C%22mobile%22%3A%22horizontal%22%7D\" class=\"brz-menu brz-menu__preview brz-css-d-menu-menu brz-css-i447uf\">\n<ul class=\"brz-menu__ul\" data-menu-items-active=\"\">\n<li data-menu-item-id=\"b7ea791530bff68995eb5f76fdf9b943\" class=\"brz-menu__item menu-item menu-item-type-custom menu-item-object-custom menu-item-home\"><a class=\"brz-a\" target=\"\" href=\"http:\/\/sanayidekarbonzirvesi.com\/\"><span class=\"brz-span\">Ge\u00e7mi\u015f Zirveler<\/span><\/a>\n<ul class=\"brz-menu__sub-menu\">\n<li data-menu-item-id=\"e4f9482f11104e6a976be5341b4dac90\" class=\"brz-menu__item menu-item menu-item-type-post_type menu-item-object-page\"><a class=\"brz-a\" target=\"\" href=\"https:\/\/sanayidekarbonzirvesi.com\/index.php\/sanayide-karbon-webinari\/\"><span class=\"brz-span\">&#8211; Sanayide Karbon Webinar\u0131<\/span><\/a><\/li>\n<li data-menu-item-id=\"93da05397e3712f604134ed5669f9726\" class=\"brz-menu__item menu-item menu-item-type-post_type menu-item-object-page\"><a class=\"brz-a\" target=\"\" href=\"https:\/\/sanayidekarbonzirvesi.com\/index.php\/kocaeli-organize-sanayi-bolgesi\/\"><span class=\"brz-span\">&#8211; Kocaeli Sanayi Odas\u0131<\/span><\/a><\/li>\n<li data-menu-item-id=\"b294a85b76b3670a734055d489fdff88\" class=\"brz-menu__item menu-item menu-item-type-post_type menu-item-object-page\"><a class=\"brz-a\" target=\"\" href=\"https:\/\/sanayidekarbonzirvesi.com\/index.php\/nigde_org_san_bol_san_karbon\/\"><span class=\"brz-span\">&#8211; Ni\u011fde Sanayide Karbon Zirvesi<\/span><\/a><\/li>\n<li data-menu-item-id=\"32cee57aa2b0e5d126a89f26114eeedc\" class=\"brz-menu__item menu-item menu-item-type-post_type menu-item-object-page\"><a class=\"brz-a\" target=\"\" href=\"https:\/\/sanayidekarbonzirvesi.com\/index.php\/ostim-sanayide-karbon-zirvesi\/\"><span class=\"brz-span\">&#8211; Osmaniye Sanayide Karbon Zirvesi<\/span><\/a><\/li>\n<li data-menu-item-id=\"c773977f67c13c79810275bec25ed3cd\" class=\"brz-menu__item menu-item menu-item-type-post_type menu-item-object-page\"><a class=\"brz-a\" target=\"\" href=\"https:\/\/sanayidekarbonzirvesi.com\/index.php\/karaman-sanayide-karbon-zirvesi\/\"><span class=\"brz-span\">&#8211; Karaman Sanayide Karbon Zirvesi<\/span><\/a><\/li>\n<li data-menu-item-id=\"fa636b570dbfaadcdbbe15c4cc693592\" class=\"brz-menu__item menu-item menu-item-type-post_type menu-item-object-page\"><a class=\"brz-a\" target=\"\" href=\"https:\/\/sanayidekarbonzirvesi.com\/index.php\/iklim-krizi-sanayide-karbon-zirvesi-ve-biz-konferansi\/\"><span class=\"brz-span\">&#8211; \u0130klim Krizi Sanayide Karbon Zirvesi ve Biz Konferans\u0131<\/span><\/a><\/li>\n<li data-menu-item-id=\"1a2214e95ed8d45bffcf63f004d52fdc\" class=\"brz-menu__item menu-item menu-item-type-post_type menu-item-object-page\"><a class=\"brz-a\" target=\"\" href=\"https:\/\/sanayidekarbonzirvesi.com\/index.php\/osmaniye-sanayide-karbon-zirvesi\/\"><span class=\"brz-span\">&#8211; OST\u0130M Sanayide Karbon Zirvesi<\/span><\/a><\/li>\n<\/ul>\n<\/li>\n<\/ul>\n<\/nav>\n<div class=\"brz-mm-menu__icon\" data-brz-brz-mmenu-icon=\"off\" aria-label=\"Open navigation menu\"><\/div>\n<nav data-mods=\"%7B%22desktop%22%3A%22horizontal%22%2C%22tablet%22%3A%22horizontal%22%2C%22mobile%22%3A%22horizontal%22%7D\" id=\"zPqXYHDlOG29_075ada1e61afb8d25212\" class=\"brz-menu brz-menu__preview brz-menu__mmenu brz-menu--has-dropdown brz-css-d-menu-mmenu brz-css-1qovijy\">\n<ul class=\"brz-menu__ul\" data-menu-items-active=\"\">\n<li data-menu-item-id=\"b7ea791530bff68995eb5f76fdf9b943\" class=\"brz-menu__item menu-item menu-item-type-custom menu-item-object-custom menu-item-home\"><a class=\"brz-a\" target=\"\" href=\"http:\/\/sanayidekarbonzirvesi.com\/\"><span class=\"brz-span\">Ge\u00e7mi\u015f Zirveler<\/span><\/a>\n<ul class=\"brz-menu__sub-menu\">\n<li data-menu-item-id=\"e4f9482f11104e6a976be5341b4dac90\" class=\"brz-menu__item menu-item menu-item-type-post_type menu-item-object-page\"><a class=\"brz-a\" target=\"\" href=\"https:\/\/sanayidekarbonzirvesi.com\/index.php\/sanayide-karbon-webinari\/\"><span class=\"brz-span\">&#8211; Sanayide Karbon Webinar\u0131<\/span><\/a><\/li>\n<li data-menu-item-id=\"93da05397e3712f604134ed5669f9726\" class=\"brz-menu__item menu-item menu-item-type-post_type menu-item-object-page\"><a class=\"brz-a\" target=\"\" href=\"https:\/\/sanayidekarbonzirvesi.com\/index.php\/kocaeli-organize-sanayi-bolgesi\/\"><span class=\"brz-span\">&#8211; Kocaeli Sanayi Odas\u0131<\/span><\/a><\/li>\n<li data-menu-item-id=\"b294a85b76b3670a734055d489fdff88\" class=\"brz-menu__item menu-item menu-item-type-post_type menu-item-object-page\"><a class=\"brz-a\" target=\"\" href=\"https:\/\/sanayidekarbonzirvesi.com\/index.php\/nigde_org_san_bol_san_karbon\/\"><span class=\"brz-span\">&#8211; Ni\u011fde Sanayide Karbon Zirvesi<\/span><\/a><\/li>\n<li data-menu-item-id=\"32cee57aa2b0e5d126a89f26114eeedc\" class=\"brz-menu__item menu-item menu-item-type-post_type menu-item-object-page\"><a class=\"brz-a\" target=\"\" href=\"https:\/\/sanayidekarbonzirvesi.com\/index.php\/ostim-sanayide-karbon-zirvesi\/\"><span class=\"brz-span\">&#8211; Osmaniye Sanayide Karbon Zirvesi<\/span><\/a><\/li>\n<li data-menu-item-id=\"c773977f67c13c79810275bec25ed3cd\" class=\"brz-menu__item menu-item menu-item-type-post_type menu-item-object-page\"><a class=\"brz-a\" target=\"\" href=\"https:\/\/sanayidekarbonzirvesi.com\/index.php\/karaman-sanayide-karbon-zirvesi\/\"><span class=\"brz-span\">&#8211; Karaman Sanayide Karbon Zirvesi<\/span><\/a><\/li>\n<li data-menu-item-id=\"fa636b570dbfaadcdbbe15c4cc693592\" class=\"brz-menu__item menu-item menu-item-type-post_type menu-item-object-page\"><a class=\"brz-a\" target=\"\" href=\"https:\/\/sanayidekarbonzirvesi.com\/index.php\/iklim-krizi-sanayide-karbon-zirvesi-ve-biz-konferansi\/\"><span class=\"brz-span\">&#8211; \u0130klim Krizi Sanayide Karbon Zirvesi ve Biz Konferans\u0131<\/span><\/a><\/li>\n<li data-menu-item-id=\"1a2214e95ed8d45bffcf63f004d52fdc\" class=\"brz-menu__item menu-item menu-item-type-post_type menu-item-object-page\"><a class=\"brz-a\" target=\"\" href=\"https:\/\/sanayidekarbonzirvesi.com\/index.php\/osmaniye-sanayide-karbon-zirvesi\/\"><span class=\"brz-span\">&#8211; OST\u0130M Sanayide Karbon Zirvesi<\/span><\/a><\/li>\n<\/ul>\n<\/li>\n<\/ul>\n<\/nav>\n<\/div>\n<\/div>\n<\/div>\n<\/div>\n<div class=\"brz-columns brz-css-d-column-column brz-css-1usg6y2\" data-brz-custom-id=\"gHbsaykLW7Fn\">\n<div class=\"brz-column__items brz-css-d-column-bg brz-css-o2dlmt\"><\/div>\n<\/div>\n<\/div>\n<\/div>\n<\/div>\n<\/div>\n<\/div>\n<\/section>\n<section id=\"xYrkFazlHmo7_xYrkFazlHmo7\" class=\"brz-section brz-css-d-section brz-css-9fq14m\">\n<div class=\"brz-section__content brz-section--boxed brz-css-d-sectionitem-bg brz-css-6wjarq\" data-brz-custom-id=\"iNwQQjpmmaSR\">\n<div class=\"brz-container brz-css-d-sectionitem-container brz-css-165v18v\">\n<div id=\"\" class=\"brz-css-d-wrapper brz-css-1n4k8gy brz-wrapper\">\n<div class=\"brz-image brz-css-d-image-sl8cazpnog2r-parent brz-css-fn2hdt\" data-brz-custom-id=\"sl8cAZPnOG2r\"><img decoding=\"async\" class=\"brz-img\" src=\"https:\/\/sanayidekarbonzirvesi.com\/wp-content\/uploads\/2026\/04\/davetiye-ve-program.jpeg\" loading=\"lazy\" alt=\"\" title=\"davetiye ve program\"><\/div>\n<\/div>\n<\/div>\n<\/div>\n<\/section>\n<section id=\"neden-katilmalisiniz\" data-brz-id=\"dwl5bY9mV9yo_dwl5bY9mV9yo\" class=\"brz-section brz-css-d-section brz-css-1t4k8zl\">\n<div class=\"brz-section__content brz-section--boxed brz-css-d-sectionitem-bg brz-css-1oxkgku\" data-brz-custom-id=\"tZYsjolRFyWN\">\n<div class=\"brz-container brz-css-d-sectionitem-container brz-css-1cjncb8\">\n<div class=\"brz-row__container brz-css-d-row-row brz-css-1vtukod\" data-brz-custom-id=\"wIqkySteqHAG\">\n<div class=\"brz-row brz-css-d-row-container brz-css-r-row-container brz-css-1c7qxcd\">\n<div class=\"brz-columns brz-css-d-column-column brz-css-jf2hcp\" data-brz-custom-id=\"s8mtc91N29c7\">\n<div class=\"brz-column__items brz-css-d-column-bg brz-css-1t7muca\">\n<div id=\"\" class=\"brz-css-d-wrapper brz-css-mlec08 brz-wrapper\">\n<div class=\"brz-rich-text brz-rich-text__custom brz-css-d-richtext brz-css-1ii2ypq\" data-brz-custom-id=\"nXyJDmNvBqCt\">\n<div data-brz-translate-text=\"1\">\n<h2 class=\"brz-tp-lg-heading2 brz-css-eHXUM\" data-uniq-id=\"nxGO_\" data-generated-css=\"brz-css-cbd9I\">Neden Kat\u0131lmal\u0131s\u0131n\u0131z ?<\/h2>\n<\/div>\n<\/div>\n<\/div>\n<\/div>\n<\/div>\n<div class=\"brz-columns brz-css-d-column-column brz-css-1tui4me\" data-brz-custom-id=\"oVFjdyOiwKSl\">\n<div class=\"brz-column__items brz-css-d-column-bg brz-css-1mpk0os\">\n<div id=\"\" class=\"brz-css-d-wrapper brz-css-r-wrapper brz-css-1q9g6q3 brz-wrapper\">\n<div class=\"brz-spacer brz-css-d-spacer brz-css-1mmfuyo\"><\/div>\n<\/div>\n<\/div>\n<\/div>\n<\/div>\n<\/div>\n<div id=\"\" class=\"brz-css-d-wrapper brz-css-mchto1 brz-wrapper\">\n<div class=\"brz-rich-text brz-rich-text__custom brz-css-d-richtext brz-css-cuvop8\" data-brz-custom-id=\"oU02VXnWvHag\">\n<div data-brz-translate-text=\"1\">\n<p class=\"brz-tp-lg-paragraph brz-css-xYrS7\" data-uniq-id=\"joB7p\" data-generated-css=\"brz-css-w8_fm\">Ankara Bilgi Teknolojileri \u015eirketler Grubu olarak, s\u00fcrd\u00fcr\u00fclebilirlik alan\u0131ndaki uzman ekibimizle \u00e7evre teknolojileri geli\u015ftirmeye y\u00f6nelik uluslararas\u0131 alanda faaliyet g\u00f6stermekteyiz. Teknoloji, dan\u0131\u015fmanl\u0131k, sosyal medya ve ileti\u015fim gibi \u00e7e\u015fitli alanlarda hizmet veren Ankara, \u0130stanbul, Londra ve \u015eikago merkezli firmalar\u0131m\u0131z ile \u00f6zellikle \u00e7evresel s\u00fcrd\u00fcr\u00fclebilirlik konusunda \u00e7\u00f6z\u00fcm ortaklar\u0131m\u0131za ve \u00fclke ekonomimize katk\u0131 sa\u011flamay\u0131 hedefliyoruz.<\/p>\n<p class=\"brz-tp-lg-paragraph brz-css-y70BN\" data-uniq-id=\"bMNoP\" data-generated-css=\"brz-css-fvGQ3\"><\/p>\n<p class=\"brz-tp-lg-paragraph brz-css-fkqvD\" data-uniq-id=\"jRP3T\" data-generated-css=\"brz-css-xOPJx\">Bu kapsamda, Organize Sanayi B\u00f6lgeleri ve Ticaret ve Sanayi Odalar\u0131 i\u015f birli\u011fiyle Bir \u00e7ok ilde ve dijital platformlarda &#8220;Sanayide Karbon Zirvesi&#8221; organizasyonlar\u0131n\u0131 ger\u00e7ekle\u015ftirdik. Bu programlarda karbon sal\u0131n\u0131mlar\u0131n\u0131n \u00f6l\u00e7\u00fclmesi ve azalt\u0131lmas\u0131n\u0131n, \u015firketlerin rekabet g\u00fcc\u00fcn\u00fc art\u0131rma ve uluslararas\u0131 reg\u00fclasyonlara uyum sa\u011flama a\u00e7\u0131s\u0131ndan ne kadar \u00f6nemli oldu\u011fu anlat\u0131larak toplumsal fark\u0131ndal\u0131k olu\u015fturulmas\u0131na katk\u0131 sa\u011flanm\u0131\u015ft\u0131r.<\/p>\n<p class=\"brz-tp-lg-paragraph brz-css-r2Ac9\" data-uniq-id=\"ng6ij\" data-generated-css=\"brz-css-i04mn\"><\/p>\n<p class=\"brz-tp-lg-paragraph brz-css-a7KbQ\" data-uniq-id=\"bSEsH\" data-generated-css=\"brz-css-uchhS\">Ankara Bilgi Teknolojileri olarak, karbon standartlar\u0131na y\u00f6nelik geli\u015ftirdi\u011fimiz CarbonIT yaz\u0131l\u0131m \u00e7\u00f6z\u00fcm\u00fcm\u00fcz, TSE taraf\u0131ndan verilen &#8220;Sera Gaz\u0131 Emisyonu Hesaplama Arac\u0131 Ge\u00e7erli K\u0131lma Belgesini&#8221; alan T\u00fcrkiye\u2019deki ilk ve \u00f6nc\u00fc \u00e7\u00f6z\u00fcmlerden biridir.<\/p>\n<p class=\"brz-tp-lg-paragraph brz-css-oujWm\" data-uniq-id=\"kEkEe\" data-generated-css=\"brz-css-uGSKS\"><\/p>\n<p class=\"brz-tp-lg-paragraph brz-css-ldwhD\" data-uniq-id=\"lrfDU\" data-generated-css=\"brz-css-oZTvP\">Kat\u0131l\u0131m\u0131n\u0131z\u0131 bekler, sayg\u0131lar sunar\u0131z<\/p>\n<p class=\"brz-tp-lg-paragraph brz-css-cc0pb\" data-uniq-id=\"i5zcM\" data-generated-css=\"brz-css-ryMYi\"><\/p>\n<p class=\"brz-tp-lg-paragraph brz-css-j2R_e\" data-uniq-id=\"ejnyW\" data-generated-css=\"brz-css-aoYk9\">Ankara Bilgi Teknolojileri \u015eirketler Grubu <\/p>\n<p class=\"brz-tp-lg-paragraph brz-css-ht7AB\" data-uniq-id=\"n3k8w\" data-generated-css=\"brz-css-oafCi\"><\/p>\n<\/div>\n<\/div>\n<\/div>\n<div id=\"\" class=\"brz-css-d-wrapper brz-css-r-wrapper brz-css-18jik6f brz-wrapper\">\n<div class=\"brz-spacer brz-css-d-spacer brz-css-6lv3zg\"><\/div>\n<\/div>\n<\/div>\n<\/div>\n<\/section><\/div>\n<p><!-- version:1775484802 --><\/p>\n","protected":false},"excerpt":{"rendered":"<p>Ge\u00e7mi\u015f Zirveler &#8211; Sanayide Karbon Webinar\u0131 &#8211; Kocaeli Sanayi Odas\u0131 &#8211; Ni\u011fde Sanayide Karbon Zirvesi &#8211; Osmaniye Sanayide Karbon Zirvesi [&hellip;]<\/p>\n","protected":false},"author":2,"featured_media":0,"parent":0,"menu_order":0,"comment_status":"closed","ping_status":"closed","template":"brizy-blank-template.php","meta":{"site-sidebar-layout":"default","site-content-layout":"","ast-site-content-layout":"default","site-content-style":"default","site-sidebar-style":"default","ast-global-header-display":"","ast-banner-title-visibility":"","ast-main-header-display":"","ast-hfb-above-header-display":"","ast-hfb-below-header-display":"","ast-hfb-mobile-header-display":"","site-post-title":"","ast-breadcrumbs-content":"","ast-featured-img":"","footer-sml-layout":"","ast-disable-related-posts":"","theme-transparent-header-meta":"","adv-header-id-meta":"","stick-header-meta":"","header-above-stick-meta":"","header-main-stick-meta":"","header-below-stick-meta":"","astra-migrate-meta-layouts":"default","ast-page-background-enabled":"default","ast-page-background-meta":{"desktop":{"background-color":"var(--ast-global-color-5)","background-image":"","background-repeat":"repeat","background-position":"center center","background-size":"auto","background-attachment":"scroll","background-type":"","background-media":"","overlay-type":"","overlay-color":"","overlay-opacity":"","overlay-gradient":""},"tablet":{"background-color":"","background-image":"","background-repeat":"repeat","background-position":"center center","background-size":"auto","background-attachment":"scroll","background-type":"","background-media":"","overlay-type":"","overlay-color":"","overlay-opacity":"","overlay-gradient":""},"mobile":{"background-color":"","background-image":"","background-repeat":"repeat","background-position":"center center","background-size":"auto","background-attachment":"scroll","background-type":"","background-media":"","overlay-type":"","overlay-color":"","overlay-opacity":"","overlay-gradient":""}},"ast-content-background-meta":{"desktop":{"background-color":"var(--ast-global-color-4)","background-image":"","background-repeat":"repeat","background-position":"center center","background-size":"auto","background-attachment":"scroll","background-type":"","background-media":"","overlay-type":"","overlay-color":"","overlay-opacity":"","overlay-gradient":""},"tablet":{"background-color":"var(--ast-global-color-4)","background-image":"","background-repeat":"repeat","background-position":"center center","background-size":"auto","background-attachment":"scroll","background-type":"","background-media":"","overlay-type":"","overlay-color":"","overlay-opacity":"","overlay-gradient":""},"mobile":{"background-color":"var(--ast-global-color-4)","background-image":"","background-repeat":"repeat","background-position":"center center","background-size":"auto","background-attachment":"scroll","background-type":"","background-media":"","overlay-type":"","overlay-color":"","overlay-opacity":"","overlay-gradient":""}},"footnotes":""},"class_list":["post-57","page","type-page","status-publish","hentry"],"brizy_media":[{"id":524,"url":"https:\/\/sanayidekarbonzirvesi.com\/wp-content\/uploads\/brizy\/450\/assets\/images\/18f4655c1b83ea8120e0107d6f8d1647.png","name":"18f4655c1b83ea8120e0107d6f8d1647.png","meta":{"brizy_attachment_uid":"18f4655c1b83ea8120e0107d6f8d1647.png","brizy_post_uid":["351e3623c8cba22317a36a264eb6e8f6"]}},{"id":576,"url":"https:\/\/sanayidekarbonzirvesi.com\/wp-content\/uploads\/2025\/01\/Adsiz.png","name":"Adsiz.png","meta":{"brizy_attachment_uid":"wp-16810da02fc94e0624b51c11901de58a.png","brizy_post_uid":["351e3623c8cba22317a36a264eb6e8f6"]}},{"id":577,"url":"https:\/\/sanayidekarbonzirvesi.com\/wp-content\/uploads\/2025\/01\/skz-1.png","name":"skz-1.png","meta":{"brizy_attachment_uid":"wp-b973166e6ef12171abd14c067e52f227.png","brizy_post_uid":["351e3623c8cba22317a36a264eb6e8f6"]}},{"id":580,"url":"https:\/\/sanayidekarbonzirvesi.com\/wp-content\/uploads\/2025\/01\/Adsiz.jpg","name":"Adsiz.jpg","meta":{"brizy_attachment_uid":"wp-71f977c90bb2d72e5c5ace49860e9d5c.jpg","brizy_post_uid":["351e3623c8cba22317a36a264eb6e8f6"]}},{"id":620,"url":"https:\/\/sanayidekarbonzirvesi.com\/wp-content\/uploads\/2026\/04\/Asset-1.png","name":"Asset-1.png","meta":{"brizy_attachment_uid":"wp-f40b17e54d02c7a813f19db0be6fb975.png","brizy_post_uid":["351e3623c8cba22317a36a264eb6e8f6"]}},{"id":626,"url":"https:\/\/sanayidekarbonzirvesi.com\/wp-content\/uploads\/2026\/04\/davetiye-ve-program.jpeg","name":"davetiye-ve-program.jpeg","meta":{"brizy_attachment_uid":"wp-a47a876e627220de288f9fc45358e696.jpeg","brizy_post_uid":["351e3623c8cba22317a36a264eb6e8f6"]}}],"_links":{"self":[{"href":"https:\/\/sanayidekarbonzirvesi.com\/index.php\/wp-json\/wp\/v2\/pages\/57","targetHints":{"allow":["GET"]}}],"collection":[{"href":"https:\/\/sanayidekarbonzirvesi.com\/index.php\/wp-json\/wp\/v2\/pages"}],"about":[{"href":"https:\/\/sanayidekarbonzirvesi.com\/index.php\/wp-json\/wp\/v2\/types\/page"}],"author":[{"embeddable":true,"href":"https:\/\/sanayidekarbonzirvesi.com\/index.php\/wp-json\/wp\/v2\/users\/2"}],"replies":[{"embeddable":true,"href":"https:\/\/sanayidekarbonzirvesi.com\/index.php\/wp-json\/wp\/v2\/comments?post=57"}],"version-history":[{"count":20,"href":"https:\/\/sanayidekarbonzirvesi.com\/index.php\/wp-json\/wp\/v2\/pages\/57\/revisions"}],"predecessor-version":[{"id":714,"href":"https:\/\/sanayidekarbonzirvesi.com\/index.php\/wp-json\/wp\/v2\/pages\/57\/revisions\/714"}],"wp:attachment":[{"href":"https:\/\/sanayidekarbonzirvesi.com\/index.php\/wp-json\/wp\/v2\/media?parent=57"}],"curies":[{"name":"wp","href":"https:\/\/api.w.org\/{rel}","templated":true}]}}