{"id":617,"date":"2026-04-06T11:37:52","date_gmt":"2026-04-06T11:37:52","guid":{"rendered":"http:\/\/sanayidekarbonzirvesi.com\/?page_id=617"},"modified":"2026-04-07T02:47:00","modified_gmt":"2026-04-07T02:47:00","slug":"sanayide-karbon-webinari","status":"publish","type":"page","link":"https:\/\/sanayidekarbonzirvesi.com\/index.php\/sanayide-karbon-webinari\/","title":{"rendered":"Sanayide Karbon Webinar\u0131"},"content":{"rendered":"<div class=\"brz-root__container brz-reset-all brz brz-root__container-page\">\n<section id=\"sanayidekarbon\" class=\"brz-section brz-section__header brz-css-1ybpptw\">\n<div class=\"brz-section__header--fixed\">\n<div class=\"brz-section__menu-item brz-css-1pmsn9o brz-css-1c8yoq6\" data-brz-custom-id=\"sBLHANDLv_Zn\">\n<div class=\"brz-bg\">\n<div class=\"brz-bg-color\"><\/div>\n<\/div>\n<div class=\"brz-container brz-css-mv7xpe\">\n<div class=\"brz-row__container brz-css-1sajqnv brz-css-rgigw3\" data-brz-custom-id=\"jhg1KiHCvxzH\">\n<div class=\"brz-bg\">\n<div class=\"brz-bg-color\"><\/div>\n<\/div>\n<div class=\"brz-row brz-css-17i680i brz-css-15ow6oa\">\n<div class=\"brz-columns brz-css-22uo9m brz-css-1ff6c9k\" data-brz-custom-id=\"zTl0C9jXttmq\">\n<div class=\"brz-bg\"><\/div>\n<div class=\"brz-column__items brz-css-1af6epv brz-css-1dm14nx\">\n<div id=\"\" class=\"brz-css-1s1ggwk brz-wrapper\">\n<div class=\"brz-image brz-css-gjgklf\" data-brz-custom-id=\"cIvulhuLIYpW\"><img decoding=\"async\" class=\"brz-img\" src=\"http:\/\/sanayidekarbonzirvesi.com\/wp-content\/uploads\/brizy\/imgs\/18f4655c1b83ea8120e0107d6f8d1647-227x158x8x0x211x158x1737027659.png\" alt=\"\" loading=\"lazy\"><\/div>\n<\/div>\n<\/div>\n<\/div>\n<div class=\"brz-columns brz-css-22uo9m brz-css-dwr0mx\" data-brz-custom-id=\"grF8AbPJIOcf\">\n<div class=\"brz-bg\"><\/div>\n<div class=\"brz-column__items brz-css-1af6epv brz-css-biyjv7\">\n<div id=\"\" class=\"brz-css-1s1ggwk brz-wrapper\">\n<div class=\"brz-menu__container brz-css-1h8afch\" data-mmenu-id=\"#zPqXYHDlOG29_aa442b8fa071f2ce6586\" data-mmenu-position=\"position-left\" data-mmenu-title=\"Menu\" data-mmenu-stickytitle=\"off\" data-mmenu-closingicon=\"%7B%22desktop%22%3A%22off%22%2C%22tablet%22%3A%22off%22%2C%22mobile%22%3A%22off%22%7D\" data-brz-custom-id=\"zPqXYHDlOG29\">\n<nav data-mods=\"%7B%22desktop%22%3A%22horizontal%22%2C%22tablet%22%3A%22horizontal%22%2C%22mobile%22%3A%22horizontal%22%7D\" class=\"brz-menu brz-menu__preview brz-css-1krt28r\">\n<ul class=\"brz-menu__ul\" data-menu-items-active=\"\">\n<li data-menu-item-id=\"b7ea791530bff68995eb5f76fdf9b943\" class=\"brz-menu__item menu-item menu-item-type-custom menu-item-object-custom\"><a class=\"brz-a\" target=\"\" href=\"http:\/\/sanayidekarbonzirvesi.com.tr\/\" title=\"\"><span class=\"brz-span\">Ge\u00e7mi\u015f Zirveler<\/span><\/a>\n<ul class=\"brz-menu__sub-menu\">\n<li data-menu-item-id=\"93da05397e3712f604134ed5669f9726\" class=\"brz-menu__item menu-item menu-item-type-post_type menu-item-object-page\"><a class=\"brz-a\" target=\"\" href=\"http:\/\/sanayidekarbonzirvesi.com\/index.php\/kocaeli-organize-sanayi-bolgesi\/\" title=\"\"><span class=\"brz-span\">&#8211; Kocaeli Sanayi Odas\u0131<\/span><\/a><\/li>\n<li data-menu-item-id=\"b294a85b76b3670a734055d489fdff88\" class=\"brz-menu__item menu-item menu-item-type-post_type menu-item-object-page\"><a class=\"brz-a\" target=\"\" href=\"http:\/\/sanayidekarbonzirvesi.com\/index.php\/nigde_org_san_bol_san_karbon\/\" title=\"\"><span class=\"brz-span\">&#8211; Ni\u011fde Sanayide Karbon Zirvesi<\/span><\/a><\/li>\n<li data-menu-item-id=\"32cee57aa2b0e5d126a89f26114eeedc\" class=\"brz-menu__item menu-item menu-item-type-post_type menu-item-object-page\"><a class=\"brz-a\" target=\"\" href=\"http:\/\/sanayidekarbonzirvesi.com\/index.php\/ostim-sanayide-karbon-zirvesi\/\" title=\"\"><span class=\"brz-span\">&#8211; Osmaniye Sanayide Karbon Zirvesi<\/span><\/a><\/li>\n<li data-menu-item-id=\"c773977f67c13c79810275bec25ed3cd\" class=\"brz-menu__item menu-item menu-item-type-post_type menu-item-object-page\"><a class=\"brz-a\" target=\"\" href=\"http:\/\/sanayidekarbonzirvesi.com\/index.php\/karaman-sanayide-karbon-zirvesi\/\" title=\"\"><span class=\"brz-span\">&#8211; Karaman Sanayide Karbon Zirvesi<\/span><\/a><\/li>\n<li data-menu-item-id=\"fa636b570dbfaadcdbbe15c4cc693592\" class=\"brz-menu__item menu-item menu-item-type-post_type menu-item-object-page\"><a class=\"brz-a\" target=\"\" href=\"http:\/\/sanayidekarbonzirvesi.com\/index.php\/iklim-krizi-sanayide-karbon-zirvesi-ve-biz-konferansi\/\" title=\"\"><span class=\"brz-span\">&#8211; \u0130klim Krizi Sanayide Karbon Zirvesi ve Biz Konferans\u0131<\/span><\/a><\/li>\n<li data-menu-item-id=\"1a2214e95ed8d45bffcf63f004d52fdc\" class=\"brz-menu__item menu-item menu-item-type-post_type menu-item-object-page\"><a class=\"brz-a\" target=\"\" href=\"http:\/\/sanayidekarbonzirvesi.com\/index.php\/osmaniye-sanayide-karbon-zirvesi\/\" title=\"\"><span class=\"brz-span\">&#8211; OST\u0130M Sanayide Karbon Zirvesi<\/span><\/a><\/li>\n<\/ul>\n<\/li>\n<\/ul>\n<\/nav>\n<div class=\"brz-mm-menu__icon\"><\/div>\n<\/div>\n<\/div>\n<\/div>\n<\/div>\n<div class=\"brz-columns brz-css-22uo9m brz-css-1ttx8dh\" data-brz-custom-id=\"gHbsaykLW7Fn\">\n<div class=\"brz-bg\"><\/div>\n<div class=\"brz-column__items brz-css-1af6epv brz-css-16xoir1\">\n<div class=\"brz-wrapper-clone brz-css-1er5sn3 brz-css-35pa4p\">\n<div class=\"brz-d-xs-flex brz-flex-xs-wrap brz-css-1hcmdi brz-css-c06ppi\" data-brz-custom-id=\"\">\n<div class=\"brz-wrapper-clone__item\" id=\"ffKpwem61rJV\"><a class=\"brz-a brz-anchor brz-btn brz-css-vkg1y8 brz-css-bxrfk9 brz-css-3ko4ut brz-css-91sq4c\" href=\"#neden-katilmalisiniz\" target=\"_self\" rel=\"noopener\" data-brz-link-type=\"anchor\" data-brz-custom-id=\"ffKpwem61rJV\"><span data-brz-translate-text=\"1\" class=\"brz-span brz-text__editor\">KAYIT OL<\/span><\/a><\/div>\n<\/div>\n<\/div>\n<\/div>\n<\/div>\n<\/div>\n<\/div>\n<\/div>\n<\/div>\n<\/div>\n<\/section>\n<section id=\"a2c99ef318a23ca20776_xYrkFazlHmo7\" class=\"brz-section brz-css-1g3zx8x\">\n<div class=\"brz-section__content brz-section--boxed brz-css-1sx70og brz-css-19rkym4\" data-brz-custom-id=\"iNwQQjpmmaSR\">\n<div class=\"brz-container brz-css-m7ryij\">\n<div id=\"\" class=\"brz-css-1s1ggwk brz-wrapper\">\n<div class=\"brz-image brz-css-1p5u8wr brz-css-1junquv\" data-brz-custom-id=\"sl8cAZPnOG2r\"><img decoding=\"async\" class=\"brz-img\" src=\"http:\/\/sanayidekarbonzirvesi.com\/wp-content\/uploads\/2025\/01\/Adsiz.png\" alt=\"\" loading=\"lazy\"><\/div>\n<\/div>\n<\/div>\n<\/div>\n<\/section>\n<section id=\"neden-katilmalisiniz\" class=\"brz-section brz-css-1g3zx8x\">\n<div class=\"brz-section__content brz-section--boxed brz-css-1sx70og brz-css-14wp52a\" data-brz-custom-id=\"tZYsjolRFyWN\">\n<div class=\"brz-container brz-css-m7ryij\">\n<div class=\"brz-row__container brz-css-1sajqnv\" data-brz-custom-id=\"wIqkySteqHAG\">\n<div class=\"brz-bg\"><\/div>\n<div class=\"brz-row brz-css-17i680i brz-css-x6cupu\">\n<div class=\"brz-columns brz-css-22uo9m brz-css-a3j901\" data-brz-custom-id=\"s8mtc91N29c7\">\n<div class=\"brz-bg\"><\/div>\n<div class=\"brz-column__items brz-css-1af6epv brz-css-ap5own\">\n<div id=\"\" class=\"brz-css-1s1ggwk brz-wrapper\">\n<div class=\"brz-rich-text brz-rich-text__custom brz-css-scwxw7\" data-brz-custom-id=\"nXyJDmNvBqCt\">\n<div data-brz-translate-text=\"1\">\n<h2 class=\"brz-tp-lg-heading2 brz-css-wMpaf\" data-generated-css=\"brz-css-znqgk\" data-uniq-id=\"yaxvj\">Neden Kat\u0131lmal\u0131s\u0131n\u0131z ?<\/h2>\n<\/div>\n<\/div>\n<\/div>\n<\/div>\n<\/div>\n<div class=\"brz-columns brz-css-22uo9m brz-css-6iwasq\" data-brz-custom-id=\"oVFjdyOiwKSl\">\n<div class=\"brz-bg\"><\/div>\n<div class=\"brz-column__items brz-css-1af6epv\">\n<div id=\"\" class=\"brz-css-1s1ggwk brz-css-1yll5ob brz-wrapper\">\n<div class=\"brz-spacer brz-css-81onhf\"><\/div>\n<\/div>\n<\/div>\n<\/div>\n<\/div>\n<\/div>\n<div id=\"\" class=\"brz-css-1s1ggwk brz-wrapper\">\n<div class=\"brz-rich-text brz-rich-text__custom brz-css-scwxw7\" data-brz-custom-id=\"oU02VXnWvHag\">\n<div data-brz-translate-text=\"1\">\n<p class=\"brz-tp-lg-paragraph brz-css-xOR9N\" data-uniq-id=\"iWZ1v\" data-generated-css=\"brz-css-mietg\">Ankara Bilgi Teknolojileri \u015eirketler Grubu olarak, s\u00fcrd\u00fcr\u00fclebilirlik alan\u0131ndaki uzman ekibimizle \u00e7evre teknolojileri geli\u015ftirmeye y\u00f6nelik uluslararas\u0131 alanda faaliyet g\u00f6stermekteyiz. Teknoloji, dan\u0131\u015fmanl\u0131k, sosyal medya ve ileti\u015fim gibi \u00e7e\u015fitli alanlarda hizmet veren Ankara, \u0130stanbul, Londra ve \u015eikago merkezli firmalar\u0131m\u0131z ile \u00f6zellikle \u00e7evresel s\u00fcrd\u00fcr\u00fclebilirlik konusunda \u00e7\u00f6z\u00fcm ortaklar\u0131m\u0131za ve \u00fclke ekonomimize katk\u0131 sa\u011flamay\u0131 hedefliyoruz.<\/p>\n<p class=\"brz-tp-lg-paragraph brz-css-tvj8w\" data-uniq-id=\"r79i_\" data-generated-css=\"brz-css-eOZEd\"><\/p>\n<p class=\"brz-tp-lg-paragraph brz-css-fEifO\" data-uniq-id=\"tEIwx\" data-generated-css=\"brz-css-bmHEw\">Bu kapsamda, Organize Sanayi B\u00f6lgeleri ve Ticaret ve Sanayi Odalar\u0131 i\u015f birli\u011fiyle Bir \u00e7ok ilde ve dijital platformlarda &#8220;Sanayide Karbon Zirvesi&#8221; organizasyonlar\u0131n\u0131 ger\u00e7ekle\u015ftirdik. Bu programlarda karbon sal\u0131n\u0131mlar\u0131n\u0131n \u00f6l\u00e7\u00fclmesi ve azalt\u0131lmas\u0131n\u0131n, \u015firketlerin rekabet g\u00fcc\u00fcn\u00fc art\u0131rma ve uluslararas\u0131 reg\u00fclasyonlara uyum sa\u011flama a\u00e7\u0131s\u0131ndan ne kadar \u00f6nemli oldu\u011fu anlat\u0131larak toplumsal fark\u0131ndal\u0131k olu\u015fturulmas\u0131na katk\u0131 sa\u011flanm\u0131\u015ft\u0131r.<\/p>\n<p class=\"brz-tp-lg-paragraph brz-css-kvJwz\" data-uniq-id=\"ysQNg\" data-generated-css=\"brz-css-xapZo\"><\/p>\n<p class=\"brz-tp-lg-paragraph brz-css-qpjPP\" data-uniq-id=\"lZNaO\" data-generated-css=\"brz-css-mz1MC\">Ankara Bilgi Teknolojileri olarak, karbon standartlar\u0131na y\u00f6nelik geli\u015ftirdi\u011fimiz CarbonIT yaz\u0131l\u0131m \u00e7\u00f6z\u00fcm\u00fcm\u00fcz, TSE taraf\u0131ndan verilen &#8220;Sera Gaz\u0131 Emisyonu Hesaplama Arac\u0131 Ge\u00e7erli K\u0131lma Belgesini&#8221; alan T\u00fcrkiye\u2019deki ilk ve \u00f6nc\u00fc \u00e7\u00f6z\u00fcmlerden biridir.<\/p>\n<p class=\"brz-tp-lg-paragraph brz-css-xqZiW\" data-uniq-id=\"eRiyU\" data-generated-css=\"brz-css-zTDOH\"><\/p>\n<p class=\"brz-tp-lg-paragraph brz-css-exI31\" data-uniq-id=\"vHNj7\" data-generated-css=\"brz-css-hBY7_\">Kat\u0131l\u0131m\u0131n\u0131z\u0131 bekler, sayg\u0131lar sunar\u0131z<\/p>\n<p class=\"brz-tp-lg-paragraph brz-css-f_UzJ\" data-uniq-id=\"pKydj\" data-generated-css=\"brz-css-hoiAV\"><\/p>\n<p class=\"brz-tp-lg-paragraph brz-css-gc6AT\" data-uniq-id=\"tllZ4\" data-generated-css=\"brz-css-n_PLv\">Ankara Bilgi Teknolojileri \u015eirketler Grubu<\/p>\n<p class=\"brz-tp-lg-paragraph brz-css-oXR1s\" data-uniq-id=\"k39a0\" data-generated-css=\"brz-css-atR5x\"><\/p>\n<\/div>\n<\/div>\n<\/div>\n<div id=\"\" class=\"brz-css-1s1ggwk brz-css-1yll5ob brz-css-1myk8su brz-wrapper\">\n<div class=\"brz-spacer brz-css-81onhf brz-css-i14w9l\"><\/div>\n<\/div>\n<div id=\"\" class=\"brz-css-1s1ggwk brz-wrapper\">\n<div data-brz-form-version=\"2\" class=\"brz-forms2 brz-css-1lpy6or\" data-brz-custom-id=\"kZ4Pjb3_Ns4L\">\n<div data-brz-translate-text=\"1\" class=\"brz-forms2__item brz-css-18675ts brz-css-1of1nx6\"><\/div>\n<div data-brz-translate-text=\"1\" class=\"brz-forms2__item brz-css-18675ts brz-css-1of1nx6\"><\/div>\n<div data-brz-translate-text=\"1\" class=\"brz-forms2__item brz-css-18675ts brz-css-1of1nx6\"><\/div>\n<div data-brz-translate-text=\"1\" class=\"brz-forms2__item brz-css-18675ts brz-css-1of1nx6\">\n<div class=\"brz-forms2__field brz-forms2__field-select brz-css-1kdfvut\">Sekt\u00f6rYap\u0131 \u0130n\u015faatTekstil Teknoloji ve Bili\u015fimSa\u011fl\u0131kDi\u011fer<\/div>\n<\/div>\n<div class=\"brz-forms2 brz-forms2__item brz-forms2__item-button\" data-brz-custom-id=\"kZ4Pjb3_Ns4L\"><button class=\"brz-btn brz-btn-submit brz-css-3ko4ut\" data-brz-custom-id=\"vwd9zMX6kYq2\"><span data-brz-translate-text=\"1\" class=\"brz-span brz-text__editor\">\u00d6n Kay\u0131t<\/span><\/button><\/div>\n<div class=\"brz-g-recaptcha\" data-sitekey=\"\" data-size=\"invisible\" data-callback=\"brzFormV2Captcha\"><\/div>\n<\/div>\n<\/div>\n<\/div>\n<\/div>\n<\/section>\n<\/div>\n<p>    <!-- version:1745467944 --><\/p>\n","protected":false},"excerpt":{"rendered":"<p>Ge\u00e7mi\u015f Zirveler &#8211; Kocaeli Sanayi Odas\u0131 &#8211; Ni\u011fde Sanayide Karbon Zirvesi &#8211; Osmaniye Sanayide Karbon Zirvesi &#8211; Karaman Sanayide Karbon [&hellip;]<\/p>\n","protected":false},"author":1,"featured_media":0,"parent":0,"menu_order":0,"comment_status":"closed","ping_status":"closed","template":"brizy-blank-template.php","meta":{"site-sidebar-layout":"default","site-content-layout":"","ast-site-content-layout":"default","site-content-style":"default","site-sidebar-style":"default","ast-global-header-display":"","ast-banner-title-visibility":"","ast-main-header-display":"","ast-hfb-above-header-display":"","ast-hfb-below-header-display":"","ast-hfb-mobile-header-display":"","site-post-title":"","ast-breadcrumbs-content":"","ast-featured-img":"","footer-sml-layout":"","ast-disable-related-posts":"","theme-transparent-header-meta":"","adv-header-id-meta":"","stick-header-meta":"","header-above-stick-meta":"","header-main-stick-meta":"","header-below-stick-meta":"","astra-migrate-meta-layouts":"default","ast-page-background-enabled":"default","ast-page-background-meta":{"desktop":{"background-color":"var(--ast-global-color-5)","background-image":"","background-repeat":"repeat","background-position":"center center","background-size":"auto","background-attachment":"scroll","background-type":"","background-media":"","overlay-type":"","overlay-color":"","overlay-opacity":"","overlay-gradient":""},"tablet":{"background-color":"","background-image":"","background-repeat":"repeat","background-position":"center center","background-size":"auto","background-attachment":"scroll","background-type":"","background-media":"","overlay-type":"","overlay-color":"","overlay-opacity":"","overlay-gradient":""},"mobile":{"background-color":"","background-image":"","background-repeat":"repeat","background-position":"center center","background-size":"auto","background-attachment":"scroll","background-type":"","background-media":"","overlay-type":"","overlay-color":"","overlay-opacity":"","overlay-gradient":""}},"ast-content-background-meta":{"desktop":{"background-color":"var(--ast-global-color-4)","background-image":"","background-repeat":"repeat","background-position":"center center","background-size":"auto","background-attachment":"scroll","background-type":"","background-media":"","overlay-type":"","overlay-color":"","overlay-opacity":"","overlay-gradient":""},"tablet":{"background-color":"var(--ast-global-color-4)","background-image":"","background-repeat":"repeat","background-position":"center center","background-size":"auto","background-attachment":"scroll","background-type":"","background-media":"","overlay-type":"","overlay-color":"","overlay-opacity":"","overlay-gradient":""},"mobile":{"background-color":"var(--ast-global-color-4)","background-image":"","background-repeat":"repeat","background-position":"center center","background-size":"auto","background-attachment":"scroll","background-type":"","background-media":"","overlay-type":"","overlay-color":"","overlay-opacity":"","overlay-gradient":""}},"footnotes":""},"class_list":["post-617","page","type-page","status-publish","hentry"],"brizy_media":[{"id":524,"url":"https:\/\/sanayidekarbonzirvesi.com\/wp-content\/uploads\/brizy\/450\/assets\/images\/18f4655c1b83ea8120e0107d6f8d1647.png","name":"18f4655c1b83ea8120e0107d6f8d1647.png","meta":{"brizy_attachment_uid":"18f4655c1b83ea8120e0107d6f8d1647.png","brizy_post_uid":["351e3623c8cba22317a36a264eb6e8f6"]}},{"id":576,"url":"https:\/\/sanayidekarbonzirvesi.com\/wp-content\/uploads\/2025\/01\/Adsiz.png","name":"Adsiz.png","meta":{"brizy_attachment_uid":"wp-16810da02fc94e0624b51c11901de58a.png","brizy_post_uid":["351e3623c8cba22317a36a264eb6e8f6"]}},{"id":577,"url":"https:\/\/sanayidekarbonzirvesi.com\/wp-content\/uploads\/2025\/01\/skz-1.png","name":"skz-1.png","meta":{"brizy_attachment_uid":"wp-b973166e6ef12171abd14c067e52f227.png","brizy_post_uid":["351e3623c8cba22317a36a264eb6e8f6"]}},{"id":580,"url":"https:\/\/sanayidekarbonzirvesi.com\/wp-content\/uploads\/2025\/01\/Adsiz.jpg","name":"Adsiz.jpg","meta":{"brizy_attachment_uid":"wp-71f977c90bb2d72e5c5ace49860e9d5c.jpg","brizy_post_uid":["351e3623c8cba22317a36a264eb6e8f6"]}},{"id":620,"url":"https:\/\/sanayidekarbonzirvesi.com\/wp-content\/uploads\/2026\/04\/Asset-1.png","name":"Asset-1.png","meta":{"brizy_attachment_uid":"wp-f40b17e54d02c7a813f19db0be6fb975.png","brizy_post_uid":["351e3623c8cba22317a36a264eb6e8f6"]}},{"id":626,"url":"https:\/\/sanayidekarbonzirvesi.com\/wp-content\/uploads\/2026\/04\/davetiye-ve-program.jpeg","name":"davetiye-ve-program.jpeg","meta":{"brizy_attachment_uid":"wp-a47a876e627220de288f9fc45358e696.jpeg","brizy_post_uid":["351e3623c8cba22317a36a264eb6e8f6"]}}],"_links":{"self":[{"href":"https:\/\/sanayidekarbonzirvesi.com\/index.php\/wp-json\/wp\/v2\/pages\/617","targetHints":{"allow":["GET"]}}],"collection":[{"href":"https:\/\/sanayidekarbonzirvesi.com\/index.php\/wp-json\/wp\/v2\/pages"}],"about":[{"href":"https:\/\/sanayidekarbonzirvesi.com\/index.php\/wp-json\/wp\/v2\/types\/page"}],"author":[{"embeddable":true,"href":"https:\/\/sanayidekarbonzirvesi.com\/index.php\/wp-json\/wp\/v2\/users\/1"}],"replies":[{"embeddable":true,"href":"https:\/\/sanayidekarbonzirvesi.com\/index.php\/wp-json\/wp\/v2\/comments?post=617"}],"version-history":[{"count":2,"href":"https:\/\/sanayidekarbonzirvesi.com\/index.php\/wp-json\/wp\/v2\/pages\/617\/revisions"}],"predecessor-version":[{"id":629,"href":"https:\/\/sanayidekarbonzirvesi.com\/index.php\/wp-json\/wp\/v2\/pages\/617\/revisions\/629"}],"wp:attachment":[{"href":"https:\/\/sanayidekarbonzirvesi.com\/index.php\/wp-json\/wp\/v2\/media?parent=617"}],"curies":[{"name":"wp","href":"https:\/\/api.w.org\/{rel}","templated":true}]}}